{"id":1731,"date":"2020-05-13T11:27:03","date_gmt":"2020-05-13T09:27:03","guid":{"rendered":"https:\/\/mscab.se\/?page_id=1731"},"modified":"2020-06-29T09:50:09","modified_gmt":"2020-06-29T07:50:09","slug":"tyska-sidan","status":"publish","type":"page","link":"https:\/\/www.mscab.se\/de\/","title":{"rendered":"Willkommen bei Machinery Scandinavia"},"content":{"rendered":"\n<div style=\"height:100px\" aria-hidden=\"true\" class=\"wp-block-spacer\"><\/div>\n\n\n\n<h2 class=\"has-text-align-center wp-block-heading\">Willkommen bei Machinery Scandinavia<\/h2>\n\n\n\n<p class=\"has-text-align-center\">Unsere Website ist noch nicht auf Deutsch verf\u00fcgbar. Sie k\u00f6nnen es jedoch auf Englisch verwenden. M\u00f6chten Sie mit uns Deutsch sprechen? Kontaktieren Sie Anders Widfeldt via email: <a href=\"mailto:anders.widfeldt@mscab.se\">anders.widfeldt@mscab.se<\/a><\/p>\n\n\n\n<div id=\"contact-block-block_5ebbd296fe9ae\" class=\"contact-block\">\n    <div class=\"wp-block-group  has-light-grey-background-color has-background contact-us-start\">   \n        <div class=\"wp-block-group__inner-container\">\n            <div style=\"height:35px\" aria-hidden=\"true\" class=\"wp-block-spacer\"><\/div>\n            <div class=\"wp-block-columns are-vertically-aligned-center\">\n                <div class=\"wp-block-column is-vertical-aligned-center\">\n                                        <\/div>\n                <div class=\"wp-block-column is-vertical-aligned-center\">\n                    <!DOCTYPE html><html><head><meta charset='UTF-8' \/><\/head><body class='GF_AJAX_POSTBACK'><p class=\"gform_not_found\">Oops! We could not locate your form.<\/p><\/body><\/html>                <\/div>\n            <\/div>\n            <div style=\"height:35px\" aria-hidden=\"true\" class=\"wp-block-spacer\"><\/div>\n        <\/div>\n    <\/div>\n<\/div>\n\n<script>\njQuery(document).ready(function() {\n    jQuery(document).bind(\"gform_confirmation_loaded\", function(event, formID) {\n        window.dataLayer = window.dataLayer || [];\n            window.dataLayer = window.dataLayer || [];\n                window.dataLayer.push({\n                'event': 'snabbKontakt',\n                'formID': '2' \n            });\n        });\n        });\n<\/script>\n\n\n<div style=\"height:422px\" aria-hidden=\"true\" class=\"wp-block-spacer\"><\/div>\n","protected":false},"excerpt":{"rendered":"<p>Willkommen bei Machinery Scandinavia Unsere Website ist noch nicht auf Deutsch verf\u00fcgbar. Sie k\u00f6nnen es jedoch auf Englisch verwenden. M\u00f6chten Sie mit uns Deutsch sprechen? Kontaktieren Sie Anders Widfeldt via email: anders.widfeldt@mscab.se<\/p>\n","protected":false},"author":1,"featured_media":0,"parent":0,"menu_order":0,"comment_status":"closed","ping_status":"closed","template":"tmpl_startsida.php","meta":{"_acf_changed":false,"inline_featured_image":false,"footnotes":""},"class_list":["post-1731","page","type-page","status-publish","hentry"],"acf":[],"yoast_head":"<!-- This site is optimized with the Yoast SEO plugin v27.5 - https:\/\/yoast.com\/product\/yoast-seo-wordpress\/ -->\n<title>Willkommen bei Machinery Scandinavia - Machinery Scandinavia<\/title>\n<meta name=\"description\" content=\"Willkommen bei Machinery Scandinavia Unsere Website ist noch nicht auf Deutsch verf\u00fcgbar. Sie k\u00f6nnen es jedoch auf Englisch verwenden. M\u00f6chten Sie mit uns\" \/>\n<meta name=\"robots\" content=\"index, follow, max-snippet:-1, max-image-preview:large, max-video-preview:-1\" \/>\n<link rel=\"canonical\" href=\"https:\/\/www.mscab.se\/de\/\" \/>\n<meta property=\"og:locale\" content=\"de_DE\" \/>\n<meta property=\"og:type\" content=\"article\" \/>\n<meta property=\"og:title\" content=\"Willkommen bei Machinery Scandinavia - Machinery Scandinavia\" \/>\n<meta property=\"og:description\" content=\"Willkommen bei Machinery Scandinavia Unsere Website ist noch nicht auf Deutsch verf\u00fcgbar. Sie k\u00f6nnen es jedoch auf Englisch verwenden. M\u00f6chten Sie mit uns\" \/>\n<meta property=\"og:url\" content=\"https:\/\/www.mscab.se\/de\/\" \/>\n<meta property=\"og:site_name\" content=\"Machinery Scandinavia\" \/>\n<meta property=\"article:modified_time\" content=\"2020-06-29T07:50:09+00:00\" \/>\n<meta name=\"twitter:card\" content=\"summary_large_image\" \/>\n<script type=\"application\/ld+json\" class=\"yoast-schema-graph\">{\"@context\":\"https:\\\/\\\/schema.org\",\"@graph\":[{\"@type\":\"WebPage\",\"@id\":\"https:\\\/\\\/www.mscab.se\\\/de\\\/\",\"url\":\"https:\\\/\\\/www.mscab.se\\\/de\\\/\",\"name\":\"Willkommen bei Machinery Scandinavia - Machinery Scandinavia\",\"isPartOf\":{\"@id\":\"https:\\\/\\\/www.mscab.se\\\/#website\"},\"datePublished\":\"2020-05-13T09:27:03+00:00\",\"dateModified\":\"2020-06-29T07:50:09+00:00\",\"description\":\"Willkommen bei Machinery Scandinavia Unsere Website ist noch nicht auf Deutsch verf\u00fcgbar. Sie k\u00f6nnen es jedoch auf Englisch verwenden. M\u00f6chten Sie mit uns\",\"breadcrumb\":{\"@id\":\"https:\\\/\\\/www.mscab.se\\\/de\\\/#breadcrumb\"},\"inLanguage\":\"de-DE\",\"potentialAction\":[{\"@type\":\"ReadAction\",\"target\":[\"https:\\\/\\\/www.mscab.se\\\/de\\\/\"]}]},{\"@type\":\"BreadcrumbList\",\"@id\":\"https:\\\/\\\/www.mscab.se\\\/de\\\/#breadcrumb\",\"itemListElement\":[{\"@type\":\"ListItem\",\"position\":1,\"name\":\"mscab.se\",\"item\":\"https:\\\/\\\/www.mscab.se\\\/de\\\/\"},{\"@type\":\"ListItem\",\"position\":2,\"name\":\"Willkommen bei Machinery Scandinavia\"}]},{\"@type\":\"WebSite\",\"@id\":\"https:\\\/\\\/www.mscab.se\\\/#website\",\"url\":\"https:\\\/\\\/www.mscab.se\\\/\",\"name\":\"Machinery Scandinavia\",\"description\":\"v\u00e4rldsledande inom tillverkning av pelarborrmaskiner\",\"publisher\":{\"@id\":\"https:\\\/\\\/www.mscab.se\\\/#organization\"},\"potentialAction\":[{\"@type\":\"SearchAction\",\"target\":{\"@type\":\"EntryPoint\",\"urlTemplate\":\"https:\\\/\\\/www.mscab.se\\\/?s={search_term_string}\"},\"query-input\":{\"@type\":\"PropertyValueSpecification\",\"valueRequired\":true,\"valueName\":\"search_term_string\"}}],\"inLanguage\":\"de-DE\"},{\"@type\":\"Organization\",\"@id\":\"https:\\\/\\\/www.mscab.se\\\/#organization\",\"name\":\"Machinery Scandinavia\",\"url\":\"https:\\\/\\\/www.mscab.se\\\/\",\"logo\":{\"@type\":\"ImageObject\",\"inLanguage\":\"de-DE\",\"@id\":\"https:\\\/\\\/www.mscab.se\\\/#\\\/schema\\\/logo\\\/image\\\/\",\"url\":\"https:\\\/\\\/www.mscab.se\\\/app\\\/uploads\\\/2020\\\/04\\\/rosenfors-med-text.png\",\"contentUrl\":\"https:\\\/\\\/www.mscab.se\\\/app\\\/uploads\\\/2020\\\/04\\\/rosenfors-med-text.png\",\"width\":803,\"height\":905,\"caption\":\"Machinery Scandinavia\"},\"image\":{\"@id\":\"https:\\\/\\\/www.mscab.se\\\/#\\\/schema\\\/logo\\\/image\\\/\"}}]}<\/script>\n<!-- \/ Yoast SEO plugin. -->","yoast_head_json":{"title":"Willkommen bei Machinery Scandinavia - Machinery Scandinavia","description":"Willkommen bei Machinery Scandinavia Unsere Website ist noch nicht auf Deutsch verf\u00fcgbar. Sie k\u00f6nnen es jedoch auf Englisch verwenden. M\u00f6chten Sie mit uns","robots":{"index":"index","follow":"follow","max-snippet":"max-snippet:-1","max-image-preview":"max-image-preview:large","max-video-preview":"max-video-preview:-1"},"canonical":"https:\/\/www.mscab.se\/de\/","og_locale":"de_DE","og_type":"article","og_title":"Willkommen bei Machinery Scandinavia - Machinery Scandinavia","og_description":"Willkommen bei Machinery Scandinavia Unsere Website ist noch nicht auf Deutsch verf\u00fcgbar. Sie k\u00f6nnen es jedoch auf Englisch verwenden. M\u00f6chten Sie mit uns","og_url":"https:\/\/www.mscab.se\/de\/","og_site_name":"Machinery Scandinavia","article_modified_time":"2020-06-29T07:50:09+00:00","twitter_card":"summary_large_image","schema":{"@context":"https:\/\/schema.org","@graph":[{"@type":"WebPage","@id":"https:\/\/www.mscab.se\/de\/","url":"https:\/\/www.mscab.se\/de\/","name":"Willkommen bei Machinery Scandinavia - Machinery Scandinavia","isPartOf":{"@id":"https:\/\/www.mscab.se\/#website"},"datePublished":"2020-05-13T09:27:03+00:00","dateModified":"2020-06-29T07:50:09+00:00","description":"Willkommen bei Machinery Scandinavia Unsere Website ist noch nicht auf Deutsch verf\u00fcgbar. Sie k\u00f6nnen es jedoch auf Englisch verwenden. M\u00f6chten Sie mit uns","breadcrumb":{"@id":"https:\/\/www.mscab.se\/de\/#breadcrumb"},"inLanguage":"de-DE","potentialAction":[{"@type":"ReadAction","target":["https:\/\/www.mscab.se\/de\/"]}]},{"@type":"BreadcrumbList","@id":"https:\/\/www.mscab.se\/de\/#breadcrumb","itemListElement":[{"@type":"ListItem","position":1,"name":"mscab.se","item":"https:\/\/www.mscab.se\/de\/"},{"@type":"ListItem","position":2,"name":"Willkommen bei Machinery Scandinavia"}]},{"@type":"WebSite","@id":"https:\/\/www.mscab.se\/#website","url":"https:\/\/www.mscab.se\/","name":"Machinery Scandinavia","description":"v\u00e4rldsledande inom tillverkning av pelarborrmaskiner","publisher":{"@id":"https:\/\/www.mscab.se\/#organization"},"potentialAction":[{"@type":"SearchAction","target":{"@type":"EntryPoint","urlTemplate":"https:\/\/www.mscab.se\/?s={search_term_string}"},"query-input":{"@type":"PropertyValueSpecification","valueRequired":true,"valueName":"search_term_string"}}],"inLanguage":"de-DE"},{"@type":"Organization","@id":"https:\/\/www.mscab.se\/#organization","name":"Machinery Scandinavia","url":"https:\/\/www.mscab.se\/","logo":{"@type":"ImageObject","inLanguage":"de-DE","@id":"https:\/\/www.mscab.se\/#\/schema\/logo\/image\/","url":"https:\/\/www.mscab.se\/app\/uploads\/2020\/04\/rosenfors-med-text.png","contentUrl":"https:\/\/www.mscab.se\/app\/uploads\/2020\/04\/rosenfors-med-text.png","width":803,"height":905,"caption":"Machinery Scandinavia"},"image":{"@id":"https:\/\/www.mscab.se\/#\/schema\/logo\/image\/"}}]}},"_links":{"self":[{"href":"https:\/\/www.mscab.se\/de\/wp-json\/wp\/v2\/pages\/1731","targetHints":{"allow":["GET"]}}],"collection":[{"href":"https:\/\/www.mscab.se\/de\/wp-json\/wp\/v2\/pages"}],"about":[{"href":"https:\/\/www.mscab.se\/de\/wp-json\/wp\/v2\/types\/page"}],"author":[{"embeddable":true,"href":"https:\/\/www.mscab.se\/de\/wp-json\/wp\/v2\/users\/1"}],"replies":[{"embeddable":true,"href":"https:\/\/www.mscab.se\/de\/wp-json\/wp\/v2\/comments?post=1731"}],"version-history":[{"count":5,"href":"https:\/\/www.mscab.se\/de\/wp-json\/wp\/v2\/pages\/1731\/revisions"}],"predecessor-version":[{"id":2085,"href":"https:\/\/www.mscab.se\/de\/wp-json\/wp\/v2\/pages\/1731\/revisions\/2085"}],"wp:attachment":[{"href":"https:\/\/www.mscab.se\/de\/wp-json\/wp\/v2\/media?parent=1731"}],"curies":[{"name":"wp","href":"https:\/\/api.w.org\/{rel}","templated":true}]}}